{"id":878,"date":"2017-06-30T11:06:06","date_gmt":"2017-06-30T11:06:06","guid":{"rendered":"http:\/\/dsh3c.es\/?page_id=878"},"modified":"2018-02-06T12:02:23","modified_gmt":"2018-02-06T12:02:23","slug":"forma-joven","status":"publish","type":"page","link":"https:\/\/www.dsaph3c.es\/?page_id=878","title":{"rendered":"Forma Joven"},"content":{"rendered":"<p><img loading=\"lazy\" class=\"size-full wp-image-1161 aligncenter\" src=\"http:\/\/www.dsaph3c.es\/wp-content\/uploads\/2018\/02\/descarga-14.jpg\" alt=\"\" width=\"260\" height=\"194\" \/><\/p>\n<p>&nbsp;<\/p>\n<h2 class=\"sectionname\">\u00bfQu\u00e9 es la Red Forma Joven?<\/h2>\n<div class=\"no-overflow\">\n<div>Es una red de profesionales con implicaci\u00f3n en Forma Joven, estrategia de promoci\u00f3n de salud que consiste en acercar a los espacios frecuentados por\u00a0<strong>adolescentes y j\u00f3venes<\/strong>,\u00a0<strong>asesor\u00edas<\/strong>\u00a0de informaci\u00f3n y formaci\u00f3n atendidas por un equipo de profesionales de diferentes sectores, para ayudarles a decidir en la elecci\u00f3n de las respuestas mas saludables.<\/div>\n<\/div>\n<div><\/div>\n<div><a href=\"http:\/\/www.formajoven.org\/\">Enlace a Web Forma Joven de la Consejer\u00eda de Salud Andaluc\u00eda\u00a0<\/a><\/div>\n<p>&nbsp;<\/p>\n<p><img loading=\"lazy\" class=\"size-medium wp-image-1163 aligncenter\" src=\"http:\/\/www.dsaph3c.es\/wp-content\/uploads\/2018\/02\/salud_sexual_1-300x191.jpg\" alt=\"\" width=\"300\" height=\"191\" srcset=\"https:\/\/www.dsaph3c.es\/wp-content\/uploads\/2018\/02\/salud_sexual_1-300x191.jpg 300w, https:\/\/www.dsaph3c.es\/wp-content\/uploads\/2018\/02\/salud_sexual_1-768x488.jpg 768w, https:\/\/www.dsaph3c.es\/wp-content\/uploads\/2018\/02\/salud_sexual_1-624x396.jpg 624w, https:\/\/www.dsaph3c.es\/wp-content\/uploads\/2018\/02\/salud_sexual_1.jpg 1022w\" sizes=\"(max-width: 300px) 100vw, 300px\" \/><\/p>\n<p><a href=\"http:\/\/www.formajoven.org\/pfj\/PuntosFormaJoven.aspx?provincia=21\">Puntos Forma Joven en la Provincia de Huelva\u00a0<\/a><\/p>\n<p>&nbsp;<\/p>\n<p>&nbsp;<\/p>\n<p>&nbsp;<\/p>\n<p>&nbsp;<\/p>\n","protected":false},"excerpt":{"rendered":"<p>&nbsp; \u00bfQu\u00e9 es la Red Forma Joven? Es una red de profesionales con implicaci\u00f3n en Forma Joven, estrategia de promoci\u00f3n de salud que consiste en acercar a los espacios frecuentados por\u00a0adolescentes y j\u00f3venes,\u00a0asesor\u00edas\u00a0de informaci\u00f3n y formaci\u00f3n atendidas por un equipo de profesionales de diferentes sectores, para ayudarles a decidir en la elecci\u00f3n de las respuestas [&hellip;]<\/p>\n","protected":false},"author":2,"featured_media":0,"parent":46,"menu_order":4,"comment_status":"closed","ping_status":"closed","template":"","meta":[],"_links":{"self":[{"href":"https:\/\/www.dsaph3c.es\/index.php?rest_route=\/wp\/v2\/pages\/878"}],"collection":[{"href":"https:\/\/www.dsaph3c.es\/index.php?rest_route=\/wp\/v2\/pages"}],"about":[{"href":"https:\/\/www.dsaph3c.es\/index.php?rest_route=\/wp\/v2\/types\/page"}],"author":[{"embeddable":true,"href":"https:\/\/www.dsaph3c.es\/index.php?rest_route=\/wp\/v2\/users\/2"}],"replies":[{"embeddable":true,"href":"https:\/\/www.dsaph3c.es\/index.php?rest_route=%2Fwp%2Fv2%2Fcomments&post=878"}],"version-history":[{"count":3,"href":"https:\/\/www.dsaph3c.es\/index.php?rest_route=\/wp\/v2\/pages\/878\/revisions"}],"predecessor-version":[{"id":1164,"href":"https:\/\/www.dsaph3c.es\/index.php?rest_route=\/wp\/v2\/pages\/878\/revisions\/1164"}],"up":[{"embeddable":true,"href":"https:\/\/www.dsaph3c.es\/index.php?rest_route=\/wp\/v2\/pages\/46"}],"wp:attachment":[{"href":"https:\/\/www.dsaph3c.es\/index.php?rest_route=%2Fwp%2Fv2%2Fmedia&parent=878"}],"curies":[{"name":"wp","href":"https:\/\/api.w.org\/{rel}","templated":true}]}}