{"id":728,"date":"2017-01-09T12:00:38","date_gmt":"2017-01-09T12:00:38","guid":{"rendered":"http:\/\/pruebamed100219.wordpress.com\/?page_id=5"},"modified":"2018-03-07T11:49:44","modified_gmt":"2018-03-07T11:49:44","slug":"principal","status":"publish","type":"page","link":"https:\/\/www.dsaph3c.es\/?page_id=728","title":{"rendered":"Bienvenidos"},"content":{"rendered":"<p>Carta de Bienvenida de nuestra Directora Gerente:<\/p>\n<p>Bienvenido\/a a este portal web, que pretende ser un servicio p\u00fablico para que la ciudadan\u00eda conozca su sistema sanitario en Atenci\u00f3n Primaria, ofreci\u00e9ndole un espacio para la comunicaci\u00f3n din\u00e1mica, viva y actualizada y de igual manera pretende ser una herramienta para los profesionales sanitarios, promoviendo el uso de las nuevas tecnolog\u00edas para crear un espacio de colaboraci\u00f3n, comunicaci\u00f3n y difusi\u00f3n.<\/p>\n<p>Los Distritos Huelva-Costa y Condado-Campi\u00f1a, como parte del Sistema Sanitario P\u00fablico de Andaluc\u00eda, tienen como misi\u00f3n contribuir a la mejora de la salud y el bienestar de toda la poblaci\u00f3n, ofreciendo unos servicios sanitarios p\u00fablicos de calidad, asegurando la accesibilidad y tratando de proporcionar la mejor atenci\u00f3n sanitaria basada en las necesidades de salud detectadas.<\/p>\n<p>Como profesionales del sistema sanitario p\u00fablico, debemos asegurar el uso adecuado de los recursos de los que disponemos, buscando la eficiencia y realizando una adecuada y \u00f3ptima gesti\u00f3n de los mismos.<\/p>\n<p>Una de las misiones de nuestro sistema es generar conocimiento en el d\u00eda a d\u00eda, centr\u00e1ndonos en el ciudadano y orientando nuestro trabajo a satisfacer sus necesidades, demandas, expectativas y facilit\u00e1ndoles la informaci\u00f3n necesaria para su participaci\u00f3n en la toma de decisiones respetando los derechos de la ciudadan\u00eda en todo momento.<\/p>\n<p>Esperamos que este portal sea un espacio compartido que facilite la accesibilidad, la participaci\u00f3n, la difusi\u00f3n de informaci\u00f3n y la formaci\u00f3n de calidad.<\/p>\n<p>Deseamos que los contenidos sean de su agrado y\u00a0 les damos las gracias por visitar nuestro portal.<\/p>\n<p>&nbsp;<\/p>\n<p>&nbsp;<\/p>\n<p>&nbsp;<\/p>\n<p>Alicia Cominero Belda<\/p>\n<p>Directora Gerente de los Distritos Huelva-Costa y Condado-Campi\u00f1a<\/p>\n<p>&nbsp;<\/p>\n","protected":false},"excerpt":{"rendered":"<p>Carta de Bienvenida de nuestra Directora Gerente: Bienvenido\/a a este portal web, que pretende ser un servicio p\u00fablico para que la ciudadan\u00eda conozca su sistema sanitario en Atenci\u00f3n Primaria, ofreci\u00e9ndole un espacio para la comunicaci\u00f3n din\u00e1mica, viva y actualizada y de igual manera pretende ser una herramienta para los profesionales sanitarios, promoviendo el uso de [&hellip;]<\/p>\n","protected":false},"author":2,"featured_media":0,"parent":0,"menu_order":2,"comment_status":"open","ping_status":"closed","template":"","meta":[],"_links":{"self":[{"href":"https:\/\/www.dsaph3c.es\/index.php?rest_route=\/wp\/v2\/pages\/728"}],"collection":[{"href":"https:\/\/www.dsaph3c.es\/index.php?rest_route=\/wp\/v2\/pages"}],"about":[{"href":"https:\/\/www.dsaph3c.es\/index.php?rest_route=\/wp\/v2\/types\/page"}],"author":[{"embeddable":true,"href":"https:\/\/www.dsaph3c.es\/index.php?rest_route=\/wp\/v2\/users\/2"}],"replies":[{"embeddable":true,"href":"https:\/\/www.dsaph3c.es\/index.php?rest_route=%2Fwp%2Fv2%2Fcomments&post=728"}],"version-history":[{"count":2,"href":"https:\/\/www.dsaph3c.es\/index.php?rest_route=\/wp\/v2\/pages\/728\/revisions"}],"predecessor-version":[{"id":1202,"href":"https:\/\/www.dsaph3c.es\/index.php?rest_route=\/wp\/v2\/pages\/728\/revisions\/1202"}],"wp:attachment":[{"href":"https:\/\/www.dsaph3c.es\/index.php?rest_route=%2Fwp%2Fv2%2Fmedia&parent=728"}],"curies":[{"name":"wp","href":"https:\/\/api.w.org\/{rel}","templated":true}]}}