{"id":716,"date":"2017-01-13T13:15:27","date_gmt":"2017-01-13T13:15:27","guid":{"rendered":"http:\/\/dsh3c.es\/?page_id=716"},"modified":"2018-02-06T11:53:57","modified_gmt":"2018-02-06T11:53:57","slug":"ejercicio-fisico","status":"publish","type":"page","link":"https:\/\/www.dsaph3c.es\/?page_id=716","title":{"rendered":"Ejercicio f\u00edsico"},"content":{"rendered":"<p>&#8211; <strong><a href=\"http:\/\/www.lareddelasandia.org\/pluginfile.php\/1482\/mod_resource\/content\/2\/Recomendaciones%20a%20la%20hora%20de%20comer%20para%20las%20familias.pdf\">Recomendaciones generales sobre alimentaci\u00f3n y actividad f\u00edsica para las familias.<\/a><\/strong><\/p>\n<p><a href=\"http:\/\/www.lareddelasandia.org\/pluginfile.php\/1482\/mod_resource\/content\/2\/Recomendaciones%20a%20la%20hora%20de%20comer%20para%20las%20familias.pdf\"><img loading=\"lazy\" class=\"alignnone  wp-image-1158\" src=\"http:\/\/www.dsaph3c.es\/wp-content\/uploads\/2018\/02\/descarga-12.jpg\" alt=\"\" width=\"114\" height=\"114\" srcset=\"https:\/\/www.dsaph3c.es\/wp-content\/uploads\/2018\/02\/descarga-12.jpg 225w, https:\/\/www.dsaph3c.es\/wp-content\/uploads\/2018\/02\/descarga-12-150x150.jpg 150w\" sizes=\"(max-width: 114px) 100vw, 114px\" \/><\/a><\/p>\n<p>&#8211;\u00a0<strong><a href=\"http:\/\/www.lareddelasandia.org\/pluginfile.php\/1189\/mod_resource\/content\/3\/Folleto%20actividad%20f%C3%ADsica%20en%20familia.pdf\">Sana, f\u00e1cil, divertida. Actividad f\u00edsica en familia.<\/a><\/strong><\/p>\n<p><a href=\"http:\/\/www.lareddelasandia.org\/pluginfile.php\/1189\/mod_resource\/content\/3\/Folleto%20actividad%20f%C3%ADsica%20en%20familia.pdf\"><img loading=\"lazy\" class=\"wp-image-1156 alignleft\" src=\"http:\/\/www.dsaph3c.es\/wp-content\/uploads\/2018\/02\/descarga-10.jpg\" alt=\"\" width=\"110\" height=\"154\" \/><\/a><\/p>\n<p>&nbsp;<\/p>\n<p>&nbsp;<\/p>\n<p>&nbsp;<\/p>\n<p>&nbsp;<\/p>\n<p><strong>&#8211;\u00a0<a href=\"http:\/\/apps.who.int\/iris\/bitstream\/10665\/44441\/1\/9789243599977_spa.pdf\">Recomendaciones mundiales sobre la actividad f\u00edsica para la salud<\/a><\/strong><\/p>\n<p><a href=\"http:\/\/apps.who.int\/iris\/bitstream\/10665\/44441\/1\/9789243599977_spa.pdf\"><img loading=\"lazy\" class=\"size-full wp-image-1155 alignleft\" src=\"http:\/\/www.dsaph3c.es\/wp-content\/uploads\/2018\/02\/descarga-9.jpg\" alt=\"\" width=\"110\" height=\"156\" \/><\/a><\/p>\n<p>&nbsp;<\/p>\n<p>&nbsp;<\/p>\n<p>&nbsp;<\/p>\n<p>&nbsp;<\/p>\n<p>&#8211;<strong> <a href=\"https:\/\/www.activehealthykids.org\/wp-content\/uploads\/2016\/11\/spain-report-card-long-form-2016.pdf\">Informe_2016: Actividad f\u00edsica en ni\u00f1os y adolescentes en Espa\u00f1a<\/a><\/strong><\/p>\n<p><a href=\"https:\/\/www.activehealthykids.org\/wp-content\/uploads\/2016\/11\/spain-report-card-long-form-2016.pdf\"><img loading=\"lazy\" class=\"alignnone size-full wp-image-1159\" src=\"http:\/\/www.dsaph3c.es\/wp-content\/uploads\/2018\/02\/descarga-13.jpg\" alt=\"\" width=\"150\" height=\"213\" \/><\/a><\/p>\n","protected":false},"excerpt":{"rendered":"<p>&#8211; Recomendaciones generales sobre alimentaci\u00f3n y actividad f\u00edsica para las familias. &#8211;\u00a0Sana, f\u00e1cil, divertida. Actividad f\u00edsica en familia. &nbsp; &nbsp; &nbsp; &nbsp; &#8211;\u00a0Recomendaciones mundiales sobre la actividad f\u00edsica para la salud &nbsp; &nbsp; &nbsp; &nbsp; &#8211; Informe_2016: Actividad f\u00edsica en ni\u00f1os y adolescentes en Espa\u00f1a<\/p>\n","protected":false},"author":2,"featured_media":0,"parent":448,"menu_order":1,"comment_status":"closed","ping_status":"closed","template":"","meta":[],"_links":{"self":[{"href":"https:\/\/www.dsaph3c.es\/index.php?rest_route=\/wp\/v2\/pages\/716"}],"collection":[{"href":"https:\/\/www.dsaph3c.es\/index.php?rest_route=\/wp\/v2\/pages"}],"about":[{"href":"https:\/\/www.dsaph3c.es\/index.php?rest_route=\/wp\/v2\/types\/page"}],"author":[{"embeddable":true,"href":"https:\/\/www.dsaph3c.es\/index.php?rest_route=\/wp\/v2\/users\/2"}],"replies":[{"embeddable":true,"href":"https:\/\/www.dsaph3c.es\/index.php?rest_route=%2Fwp%2Fv2%2Fcomments&post=716"}],"version-history":[{"count":3,"href":"https:\/\/www.dsaph3c.es\/index.php?rest_route=\/wp\/v2\/pages\/716\/revisions"}],"predecessor-version":[{"id":1160,"href":"https:\/\/www.dsaph3c.es\/index.php?rest_route=\/wp\/v2\/pages\/716\/revisions\/1160"}],"up":[{"embeddable":true,"href":"https:\/\/www.dsaph3c.es\/index.php?rest_route=\/wp\/v2\/pages\/448"}],"wp:attachment":[{"href":"https:\/\/www.dsaph3c.es\/index.php?rest_route=%2Fwp%2Fv2%2Fmedia&parent=716"}],"curies":[{"name":"wp","href":"https:\/\/api.w.org\/{rel}","templated":true}]}}