{"id":565,"date":"2017-01-09T10:42:54","date_gmt":"2017-01-09T10:42:54","guid":{"rendered":"https:\/\/pruebamed100219.wordpress.com\/?page_id=565"},"modified":"2018-02-02T13:04:05","modified_gmt":"2018-02-02T13:04:05","slug":"aviso-legal","status":"publish","type":"page","link":"https:\/\/www.dsaph3c.es\/?page_id=565","title":{"rendered":"Aviso legal"},"content":{"rendered":"<p>Los Distritos Huelva Costa y Condado Campi\u00f1a\u00a0ponen en marcha esta p\u00e1gina\u00a0con el objetivo de proporcionar informaci\u00f3n\u00a0a ciudadanos, pacientes y profesionales sanitarios.<\/p>\n<p>Los materiales contenidos o descargables desde esta web se encuentran bajo licencia Creative Commons, excepto aquellos en los que se indique la fuente de procedencia y\/o autor.<\/p>\n<p>Nuestra licencia es:\u00a0Reconocimiento &#8211; NoComercial (by-nc). Es decir, es posible copiar, distribuir o usar p\u00fablicamente estos contenidos, siempre que se indique\u00a0 la procedencia y no se use\u00a0con fines comerciales.<\/p>\n<p><strong>Contenidos<\/strong><\/p>\n<p>Podremos\u00a0efectuar modificaciones y actualizaciones sobre la informaci\u00f3n contenida en este sitio web, en cualquier momento, sin necesidad de previo aviso, por razones t\u00e9cnicas o de cualquier otra \u00edndole, \u00a0declinando cualquier responsabilidad derivada de imprecisi\u00f3n, inexactitud u omisi\u00f3n en la informaci\u00f3n contenida y particularmente por cualquier da\u00f1o directo o indirecto, cualquiera fuese la causa.<\/p>\n<p>Los Distritos Sanitarios Huelva Costa y Condado Campi\u00f1a\u00a0no asumen responsabilidad alguna derivada de la conexi\u00f3n a enlaces o contenidos de terceros a los que se hace referencia en la web, ni se hace responsable de los comentarios o contenidos que puedan aportar las personas que participen en el blog\u00a0expresando su opini\u00f3n, o por el uso realizado por terceros del contenido de este sitio.<\/p>\n<p>Nuestros Distritos\u00a0no garantizan la ausencia de virus en los servicios y contenidos del sitio web, ya sean prestados directamente o por terceros, incluida la conexi\u00f3n a trav\u00e9s de enlaces, no siendo, por tanto, responsable de los da\u00f1os que pudiera originar la existencia de virus en el sistema inform\u00e1tico, documentos electr\u00f3nicos, ficheros, etc. Igualmente, no se garantiza la inexistencia de errores en el acceso al web, en su contenido, ni que \u00e9ste se encuentre actualizado, aunque nos comprometemos a realizar el mayor esfuerzo posible para, en su caso, evitarlos, subsanarlos o actualizarlos lo antes posible.<\/p>\n<p>&nbsp;<\/p>\n<p>&nbsp;<\/p>\n<p><a href=\"http:\/\/creativecommons.org\/licenses\/by-nc-sa\/2.5\/es\/\" rel=\"license\"><img style=\"border-width: 0;\" src=\"https:\/\/i.creativecommons.org\/l\/by-nc-sa\/2.5\/es\/88x31.png\" alt=\"Licencia de Creative Commons\" \/><\/a><br \/>\nEste obra est\u00e1 bajo una <a href=\"http:\/\/creativecommons.org\/licenses\/by-nc-sa\/2.5\/es\/\" rel=\"license\">licencia de Creative Commons Reconocimiento-NoComercial-CompartirIgual 2.5 Espa\u00f1a<\/a>.<\/p>\n","protected":false},"excerpt":{"rendered":"<p>Los Distritos Huelva Costa y Condado Campi\u00f1a\u00a0ponen en marcha esta p\u00e1gina\u00a0con el objetivo de proporcionar informaci\u00f3n\u00a0a ciudadanos, pacientes y profesionales sanitarios. Los materiales contenidos o descargables desde esta web se encuentran bajo licencia Creative Commons, excepto aquellos en los que se indique la fuente de procedencia y\/o autor. Nuestra licencia es:\u00a0Reconocimiento &#8211; NoComercial (by-nc). Es [&hellip;]<\/p>\n","protected":false},"author":2,"featured_media":1039,"parent":396,"menu_order":3,"comment_status":"closed","ping_status":"closed","template":"","meta":[],"_links":{"self":[{"href":"https:\/\/www.dsaph3c.es\/index.php?rest_route=\/wp\/v2\/pages\/565"}],"collection":[{"href":"https:\/\/www.dsaph3c.es\/index.php?rest_route=\/wp\/v2\/pages"}],"about":[{"href":"https:\/\/www.dsaph3c.es\/index.php?rest_route=\/wp\/v2\/types\/page"}],"author":[{"embeddable":true,"href":"https:\/\/www.dsaph3c.es\/index.php?rest_route=\/wp\/v2\/users\/2"}],"replies":[{"embeddable":true,"href":"https:\/\/www.dsaph3c.es\/index.php?rest_route=%2Fwp%2Fv2%2Fcomments&post=565"}],"version-history":[{"count":4,"href":"https:\/\/www.dsaph3c.es\/index.php?rest_route=\/wp\/v2\/pages\/565\/revisions"}],"predecessor-version":[{"id":1088,"href":"https:\/\/www.dsaph3c.es\/index.php?rest_route=\/wp\/v2\/pages\/565\/revisions\/1088"}],"up":[{"embeddable":true,"href":"https:\/\/www.dsaph3c.es\/index.php?rest_route=\/wp\/v2\/pages\/396"}],"wp:featuredmedia":[{"embeddable":true,"href":"https:\/\/www.dsaph3c.es\/index.php?rest_route=\/wp\/v2\/media\/1039"}],"wp:attachment":[{"href":"https:\/\/www.dsaph3c.es\/index.php?rest_route=%2Fwp%2Fv2%2Fmedia&parent=565"}],"curies":[{"name":"wp","href":"https:\/\/api.w.org\/{rel}","templated":true}]}}