{"id":448,"date":"2017-01-09T09:45:43","date_gmt":"2017-01-09T09:45:43","guid":{"rendered":"https:\/\/pruebamed100219.wordpress.com\/?page_id=448"},"modified":"2018-02-06T11:46:22","modified_gmt":"2018-02-06T11:46:22","slug":"publicaciones-para-pacientes","status":"publish","type":"page","link":"https:\/\/www.dsaph3c.es\/?page_id=448","title":{"rendered":"Publicaciones para pacientes"},"content":{"rendered":"<h2 style=\"text-align: center;\"><strong>Publicaciones de inter\u00e9s para pacientes<\/strong><\/h2>\n<p>&nbsp;<\/p>\n<p><a href=\"http:\/\/dsaph3c.es\/?page_id=716\"><img loading=\"lazy\" class=\"size-medium wp-image-1150 aligncenter\" src=\"http:\/\/www.dsaph3c.es\/wp-content\/uploads\/2018\/02\/people-2568410__340-300x200.jpg\" alt=\"\" width=\"300\" height=\"200\" srcset=\"https:\/\/www.dsaph3c.es\/wp-content\/uploads\/2018\/02\/people-2568410__340-300x200.jpg 300w, https:\/\/www.dsaph3c.es\/wp-content\/uploads\/2018\/02\/people-2568410__340.jpg 510w\" sizes=\"(max-width: 300px) 100vw, 300px\" \/><\/a><\/p>\n<p style=\"text-align: center;\"><a href=\"http:\/\/dsaph3c.es\/?page_id=716\">Ejercicio f\u00edsico<\/a><\/p>\n<p><a href=\"http:\/\/www.dsaph3c.es\/?page_id=466\"><img loading=\"lazy\" class=\"size-medium wp-image-1151 aligncenter\" src=\"http:\/\/www.dsaph3c.es\/wp-content\/uploads\/2018\/02\/apple-3117507__340-300x200.jpg\" alt=\"\" width=\"300\" height=\"200\" srcset=\"https:\/\/www.dsaph3c.es\/wp-content\/uploads\/2018\/02\/apple-3117507__340-300x200.jpg 300w, https:\/\/www.dsaph3c.es\/wp-content\/uploads\/2018\/02\/apple-3117507__340.jpg 510w\" sizes=\"(max-width: 300px) 100vw, 300px\" \/><\/a><\/p>\n<p style=\"text-align: center;\"><a href=\"http:\/\/www.dsaph3c.es\/?page_id=466\">Alimentaci\u00f3n saludable\u00a0<\/a><\/p>\n<p>&nbsp;<\/p>\n<p>&nbsp;<\/p>\n<p>&nbsp;<\/p>\n","protected":false},"excerpt":{"rendered":"<p>Publicaciones de inter\u00e9s para pacientes &nbsp; Ejercicio f\u00edsico Alimentaci\u00f3n saludable\u00a0 &nbsp; &nbsp; &nbsp;<\/p>\n","protected":false},"author":2,"featured_media":0,"parent":46,"menu_order":3,"comment_status":"open","ping_status":"closed","template":"","meta":[],"_links":{"self":[{"href":"https:\/\/www.dsaph3c.es\/index.php?rest_route=\/wp\/v2\/pages\/448"}],"collection":[{"href":"https:\/\/www.dsaph3c.es\/index.php?rest_route=\/wp\/v2\/pages"}],"about":[{"href":"https:\/\/www.dsaph3c.es\/index.php?rest_route=\/wp\/v2\/types\/page"}],"author":[{"embeddable":true,"href":"https:\/\/www.dsaph3c.es\/index.php?rest_route=\/wp\/v2\/users\/2"}],"replies":[{"embeddable":true,"href":"https:\/\/www.dsaph3c.es\/index.php?rest_route=%2Fwp%2Fv2%2Fcomments&post=448"}],"version-history":[{"count":4,"href":"https:\/\/www.dsaph3c.es\/index.php?rest_route=\/wp\/v2\/pages\/448\/revisions"}],"predecessor-version":[{"id":1153,"href":"https:\/\/www.dsaph3c.es\/index.php?rest_route=\/wp\/v2\/pages\/448\/revisions\/1153"}],"up":[{"embeddable":true,"href":"https:\/\/www.dsaph3c.es\/index.php?rest_route=\/wp\/v2\/pages\/46"}],"wp:attachment":[{"href":"https:\/\/www.dsaph3c.es\/index.php?rest_route=%2Fwp%2Fv2%2Fmedia&parent=448"}],"curies":[{"name":"wp","href":"https:\/\/api.w.org\/{rel}","templated":true}]}}