{"id":396,"date":"2017-01-09T11:56:29","date_gmt":"2017-01-09T11:56:29","guid":{"rendered":"http:\/\/pruebamed100219.wordpress.com\/?page_id=1"},"modified":"2018-02-02T13:03:23","modified_gmt":"2018-02-02T13:03:23","slug":"acerca-de-2","status":"publish","type":"page","link":"https:\/\/www.dsaph3c.es\/?page_id=396","title":{"rendered":"Acerca de"},"content":{"rendered":"<h3 style=\"text-align: center;\"><strong>Portal Web de los Distritos Huelva Costa y Condado Campi\u00f1a<\/strong><\/h3>\n<p style=\"text-align: center;\"><a href=\"http:\/\/www.juntadeandalucia.es\/servicioandaluzdesalud\/centros\/Detalle.asp?IdCentro=23620&amp;CodTipoCentro=3&amp;NomTipoCentro=Distritos%20de%20atenci%C3%B3n%20primaria&amp;Provincia=Huelva&amp;ListadoActivo=s\">Distrito sanitario Condado-Campi\u00f1a<\/a><\/p>\n<p style=\"text-align: center;\"><a href=\"http:\/\/www.juntadeandalucia.es\/servicioandaluzdesalud\/centros\/detalle.asp?IdCentro=23606\">Distrito Sanitario Huelva-Costa<\/a><\/p>\n<p style=\"text-align: center;\"><a href=\"http:\/\/dsh3c.es\/?page_id=377\" target=\"_blank\" rel=\"noopener\">Estructura jer\u00e1rquica<\/a><\/p>\n<p style=\"text-align: center;\"><a href=\"http:\/\/dsh3c.es\/?page_id=565\">Aviso Legal<\/a><\/p>\n","protected":false},"excerpt":{"rendered":"<p>Portal Web de los Distritos Huelva Costa y Condado Campi\u00f1a Distrito sanitario Condado-Campi\u00f1a Distrito Sanitario Huelva-Costa Estructura jer\u00e1rquica Aviso Legal<\/p>\n","protected":false},"author":2,"featured_media":0,"parent":0,"menu_order":1,"comment_status":"closed","ping_status":"closed","template":"","meta":[],"_links":{"self":[{"href":"https:\/\/www.dsaph3c.es\/index.php?rest_route=\/wp\/v2\/pages\/396"}],"collection":[{"href":"https:\/\/www.dsaph3c.es\/index.php?rest_route=\/wp\/v2\/pages"}],"about":[{"href":"https:\/\/www.dsaph3c.es\/index.php?rest_route=\/wp\/v2\/types\/page"}],"author":[{"embeddable":true,"href":"https:\/\/www.dsaph3c.es\/index.php?rest_route=\/wp\/v2\/users\/2"}],"replies":[{"embeddable":true,"href":"https:\/\/www.dsaph3c.es\/index.php?rest_route=%2Fwp%2Fv2%2Fcomments&post=396"}],"version-history":[{"count":1,"href":"https:\/\/www.dsaph3c.es\/index.php?rest_route=\/wp\/v2\/pages\/396\/revisions"}],"predecessor-version":[{"id":1086,"href":"https:\/\/www.dsaph3c.es\/index.php?rest_route=\/wp\/v2\/pages\/396\/revisions\/1086"}],"wp:attachment":[{"href":"https:\/\/www.dsaph3c.es\/index.php?rest_route=%2Fwp%2Fv2%2Fmedia&parent=396"}],"curies":[{"name":"wp","href":"https:\/\/api.w.org\/{rel}","templated":true}]}}