{"id":165,"date":"2017-01-09T11:34:16","date_gmt":"2017-01-09T11:34:16","guid":{"rendered":"https:\/\/pruebamed100219.wordpress.com\/?page_id=165"},"modified":"2018-02-02T13:06:24","modified_gmt":"2018-02-02T13:06:24","slug":"parapacientes","status":"publish","type":"page","link":"https:\/\/www.dsaph3c.es\/?page_id=165","title":{"rendered":"Parapacientes"},"content":{"rendered":"<h3><strong>Enlaces de inter\u00e9s con informaci\u00f3n para pacientes:<\/strong><\/h3>\n<p><strong><a href=\"http:\/\/www.osakidetza.euskadi.eus\/ibotika\/\">i-botika<\/a><\/strong>. Informaci\u00f3n para ciudadanos sobre medicamentos Osakidetza<\/p>\n<p><a href=\"http:\/\/www.madrid.org\/cs\/Satellite?c=PTSA_Generico_FA&amp;cid=1142496621954&amp;pageid=1142496254306&amp;pagename=PortalSalud\/PTSA_Generico_FA\/PTSA_pintarGenericoIndice&amp;pv=1142496237090\"><strong>Recomendaciones para pacientes<\/strong><\/a>. Portal de salud de la Comunidad de Madrid<\/p>\n<p><a href=\"http:\/\/www.guiasalud.es\/egpc\/presentacion_pacientes\/index.html\"><strong>Informaci\u00f3n para pacientes Gu\u00eda Salud<\/strong><\/a>. Programa de Gu\u00edas de pr\u00e1ctica cl\u00ednica del SNS<\/p>\n<p><a href=\"http:\/\/www.fisterra.com\/ayuda-en-consulta\/informacion-para-pacientes\/\"><strong>Informaci\u00f3n para pacientes Fisterra<\/strong><\/a>.<\/p>\n<p><strong><a href=\"http:\/\/www.escueladepacientes.es\/ui\/index.aspx\">Escuela de Pacientes<\/a>.\u00a0La Escuela de Pacientes est\u00e1 financiada por la Consejer\u00eda de Salud de la Junta de Andaluc\u00eda, y se coordina a trav\u00e9s de la Escuela Andaluza de Salud P\u00fablica.<\/strong><\/p>\n<p><strong><a href=\"https:\/\/plus.google.com\/+AriadnaGonz%C3%A1lezpsicooncologiaparapacientes\/posts\">Psiconcolog\u00eda para pacientes<\/a><\/strong>. Ariatna Gonz\u00e1lez<\/p>\n<p><a href=\"http:\/\/www.csalud.junta-andalucia.es\/salud\/channels\/temas\/temas_es\/C_6_NUESTRO_COMPROMISO_POR__LA_CALIDAD\/guias_informacion_pacientes\/guias?perfil=ciud&amp;desplegar=\/temas_es\/C_6_NUESTRO_COMPROMISO_POR__LA_CALIDAD\/&amp;idioma=es&amp;tema=\/temas_es\/C_6_NUESTRO_COMPROMISO_POR__LA_CALIDAD\/guias_informacion_pacientes\/&amp;contenido=\/channels\/temas\/temas_es\/C_6_NUESTRO_COMPROMISO_POR__LA_CALIDAD\/guias_informacion_pacientes\/guias\"><strong>Procesos asistenciales integrados<\/strong>. Informaci\u00f3n para pacientes.<\/a><\/p>\n<p><a href=\"http:\/\/dsh3c.es\/wp-content\/uploads\/2015\/02\/descarga1111-1.jpg\"><img loading=\"lazy\" class=\"alignnone size-full wp-image-166\" src=\"http:\/\/dsh3c.es\/wp-content\/uploads\/2015\/02\/descarga1111-1.jpg\" alt=\"descarga1111\" width=\"275\" height=\"183\" \/><\/a><\/p>\n<h2><\/h2>\n","protected":false},"excerpt":{"rendered":"<p>Enlaces de inter\u00e9s con informaci\u00f3n para pacientes: i-botika. Informaci\u00f3n para ciudadanos sobre medicamentos Osakidetza Recomendaciones para pacientes. Portal de salud de la Comunidad de Madrid Informaci\u00f3n para pacientes Gu\u00eda Salud. Programa de Gu\u00edas de pr\u00e1ctica cl\u00ednica del SNS Informaci\u00f3n para pacientes Fisterra. Escuela de Pacientes.\u00a0La Escuela de Pacientes est\u00e1 financiada por la Consejer\u00eda de Salud [&hellip;]<\/p>\n","protected":false},"author":2,"featured_media":0,"parent":46,"menu_order":1,"comment_status":"open","ping_status":"closed","template":"","meta":[],"_links":{"self":[{"href":"https:\/\/www.dsaph3c.es\/index.php?rest_route=\/wp\/v2\/pages\/165"}],"collection":[{"href":"https:\/\/www.dsaph3c.es\/index.php?rest_route=\/wp\/v2\/pages"}],"about":[{"href":"https:\/\/www.dsaph3c.es\/index.php?rest_route=\/wp\/v2\/types\/page"}],"author":[{"embeddable":true,"href":"https:\/\/www.dsaph3c.es\/index.php?rest_route=\/wp\/v2\/users\/2"}],"replies":[{"embeddable":true,"href":"https:\/\/www.dsaph3c.es\/index.php?rest_route=%2Fwp%2Fv2%2Fcomments&post=165"}],"version-history":[{"count":1,"href":"https:\/\/www.dsaph3c.es\/index.php?rest_route=\/wp\/v2\/pages\/165\/revisions"}],"predecessor-version":[{"id":1056,"href":"https:\/\/www.dsaph3c.es\/index.php?rest_route=\/wp\/v2\/pages\/165\/revisions\/1056"}],"up":[{"embeddable":true,"href":"https:\/\/www.dsaph3c.es\/index.php?rest_route=\/wp\/v2\/pages\/46"}],"wp:attachment":[{"href":"https:\/\/www.dsaph3c.es\/index.php?rest_route=%2Fwp%2Fv2%2Fmedia&parent=165"}],"curies":[{"name":"wp","href":"https:\/\/api.w.org\/{rel}","templated":true}]}}