{"id":1019,"date":"2017-01-09T19:33:59","date_gmt":"2017-01-09T19:33:59","guid":{"rendered":"http:\/\/www.dsaph3c.es\/?page_id=1019"},"modified":"2018-02-02T13:08:09","modified_gmt":"2018-02-02T13:08:09","slug":"higiene-de-manos","status":"publish","type":"page","link":"https:\/\/www.dsaph3c.es\/?page_id=1019","title":{"rendered":"Higiene de manos"},"content":{"rendered":"<p>&nbsp;<\/p>\n<p><img loading=\"lazy\" class=\"alignnone size-medium wp-image-1031 aligncenter\" src=\"http:\/\/www.dsaph3c.es\/wp-content\/uploads\/2018\/01\/oms-limpia-manos-220x300.jpg\" alt=\"\" width=\"220\" height=\"300\" srcset=\"https:\/\/www.dsaph3c.es\/wp-content\/uploads\/2018\/01\/oms-limpia-manos-220x300.jpg 220w, https:\/\/www.dsaph3c.es\/wp-content\/uploads\/2018\/01\/oms-limpia-manos.jpg 440w\" sizes=\"(max-width: 220px) 100vw, 220px\" \/><\/p>\n<p style=\"text-align: center;\"><strong>\u00bfSabes cuales son los cinco momentos para la higiene de manos?<\/strong><\/p>\n<p style=\"text-align: center;\"><img loading=\"lazy\" class=\"alignnone wp-image-1023 size-medium\" src=\"http:\/\/www.dsaph3c.es\/wp-content\/uploads\/2018\/01\/higienemanos2-206x300.jpg\" alt=\"\" width=\"206\" height=\"300\" srcset=\"https:\/\/www.dsaph3c.es\/wp-content\/uploads\/2018\/01\/higienemanos2-206x300.jpg 206w, https:\/\/www.dsaph3c.es\/wp-content\/uploads\/2018\/01\/higienemanos2-624x907.jpg 624w, https:\/\/www.dsaph3c.es\/wp-content\/uploads\/2018\/01\/higienemanos2.jpg 688w\" sizes=\"(max-width: 206px) 100vw, 206px\" \/><\/p>\n<p style=\"text-align: center;\"><strong>Lavarse las manos es fundamental para evitar la transmisi\u00f3n de infecciones<\/strong><\/p>\n<p>&nbsp;<\/p>\n<p><img loading=\"lazy\" class=\" wp-image-1025 aligncenter\" src=\"http:\/\/www.dsaph3c.es\/wp-content\/uploads\/2018\/01\/manoslimpias-2-221x300.jpg\" alt=\"\" width=\"297\" height=\"403\" srcset=\"https:\/\/www.dsaph3c.es\/wp-content\/uploads\/2018\/01\/manoslimpias-2-221x300.jpg 221w, https:\/\/www.dsaph3c.es\/wp-content\/uploads\/2018\/01\/manoslimpias-2.jpg 562w\" sizes=\"(max-width: 297px) 100vw, 297px\" \/><\/p>\n<p style=\"text-align: center;\">Recuerda, despu\u00e9s de ir al cuarto de ba\u00f1o, despu\u00e9s de cambiar el pa\u00f1al a un beb\u00e9, despu\u00e9s de tener contacto con fluidos corporales como la orina o con sangre, y siempre que veas tus manos visiblemente sucias, debes lavarte las manos.<\/p>\n<p>&nbsp;<\/p>\n","protected":false},"excerpt":{"rendered":"<p>&nbsp; \u00bfSabes cuales son los cinco momentos para la higiene de manos? Lavarse las manos es fundamental para evitar la transmisi\u00f3n de infecciones &nbsp; Recuerda, despu\u00e9s de ir al cuarto de ba\u00f1o, despu\u00e9s de cambiar el pa\u00f1al a un beb\u00e9, despu\u00e9s de tener contacto con fluidos corporales como la orina o con sangre, y siempre [&hellip;]<\/p>\n","protected":false},"author":2,"featured_media":1031,"parent":448,"menu_order":5,"comment_status":"closed","ping_status":"closed","template":"","meta":[],"_links":{"self":[{"href":"https:\/\/www.dsaph3c.es\/index.php?rest_route=\/wp\/v2\/pages\/1019"}],"collection":[{"href":"https:\/\/www.dsaph3c.es\/index.php?rest_route=\/wp\/v2\/pages"}],"about":[{"href":"https:\/\/www.dsaph3c.es\/index.php?rest_route=\/wp\/v2\/types\/page"}],"author":[{"embeddable":true,"href":"https:\/\/www.dsaph3c.es\/index.php?rest_route=\/wp\/v2\/users\/2"}],"replies":[{"embeddable":true,"href":"https:\/\/www.dsaph3c.es\/index.php?rest_route=%2Fwp%2Fv2%2Fcomments&post=1019"}],"version-history":[{"count":5,"href":"https:\/\/www.dsaph3c.es\/index.php?rest_route=\/wp\/v2\/pages\/1019\/revisions"}],"predecessor-version":[{"id":1032,"href":"https:\/\/www.dsaph3c.es\/index.php?rest_route=\/wp\/v2\/pages\/1019\/revisions\/1032"}],"up":[{"embeddable":true,"href":"https:\/\/www.dsaph3c.es\/index.php?rest_route=\/wp\/v2\/pages\/448"}],"wp:featuredmedia":[{"embeddable":true,"href":"https:\/\/www.dsaph3c.es\/index.php?rest_route=\/wp\/v2\/media\/1031"}],"wp:attachment":[{"href":"https:\/\/www.dsaph3c.es\/index.php?rest_route=%2Fwp%2Fv2%2Fmedia&parent=1019"}],"curies":[{"name":"wp","href":"https:\/\/api.w.org\/{rel}","templated":true}]}}